{"id":1331,"date":"2025-03-10T11:41:18","date_gmt":"2025-03-10T11:41:18","guid":{"rendered":"https:\/\/www.datafeliz.com\/?page_id=1331"},"modified":"2025-03-12T16:32:49","modified_gmt":"2025-03-12T16:32:49","slug":"a-equipa","status":"publish","type":"page","link":"https:\/\/www.datafeliz.com\/en\/a-equipa\/","title":{"rendered":"The team"},"content":{"rendered":"<div data-elementor-type=\"wp-page\" data-elementor-id=\"1331\" class=\"elementor elementor-1331\">\n\t\t\t\t\t\t<section class=\"elementor-section elementor-top-section elementor-element elementor-element-4ed7d3d6 elementor-section-boxed elementor-section-height-default elementor-section-height-default\" data-id=\"4ed7d3d6\" data-element_type=\"section\" data-settings=\"{&quot;background_background&quot;:&quot;classic&quot;}\">\n\t\t\t\t\t\t\t<div class=\"elementor-background-overlay\"><\/div>\n\t\t\t\t\t\t\t<div class=\"elementor-container elementor-column-gap-default\">\n\t\t\t\t\t<div class=\"elementor-column elementor-col-100 elementor-top-column elementor-element elementor-element-4e4ad4be\" data-id=\"4e4ad4be\" data-element_type=\"column\">\n\t\t\t<div class=\"elementor-widget-wrap elementor-element-populated\">\n\t\t\t\t\t\t<div class=\"elementor-element elementor-element-6cb39f73 elementor-widget elementor-widget-heading\" data-id=\"6cb39f73\" data-element_type=\"widget\" data-widget_type=\"heading.default\">\n\t\t\t\t<div class=\"elementor-widget-container\">\n\t\t\t\t\t<h2 class=\"elementor-heading-title elementor-size-default\">The team<\/h2>\t\t\t\t<\/div>\n\t\t\t\t<\/div>\n\t\t\t\t\t<\/div>\n\t\t<\/div>\n\t\t\t\t\t<\/div>\n\t\t<\/section>\n\t\t\t\t<section class=\"elementor-section elementor-top-section elementor-element elementor-element-57cd4eeb elementor-section-boxed elementor-section-height-default elementor-section-height-default\" data-id=\"57cd4eeb\" data-element_type=\"section\">\n\t\t\t\t\t\t<div class=\"elementor-container elementor-column-gap-default\">\n\t\t\t\t\t<div class=\"elementor-column elementor-col-100 elementor-top-column elementor-element elementor-element-49e3fe76\" data-id=\"49e3fe76\" data-element_type=\"column\">\n\t\t\t<div class=\"elementor-widget-wrap elementor-element-populated\">\n\t\t\t\t\t\t<div class=\"elementor-element elementor-element-2caf8fb6 elementor-invisible elementor-widget elementor-widget-jkit_heading\" data-id=\"2caf8fb6\" data-element_type=\"widget\" data-settings=\"{&quot;_animation&quot;:&quot;fadeInUp&quot;}\" data-widget_type=\"jkit_heading.default\">\n\t\t\t\t<div class=\"elementor-widget-container\">\n\t\t\t\t\t<div  class=\"jeg-elementor-kit jkit-heading  align-center align-tablet- align-mobile- jeg_module___69e1f4219a31a\" ><div class=\"heading-section-title  display-inline-block\"><h2 class=\"heading-title\">Meet Our Team<\/h2><\/div><div class=\"heading-section-description\"><p>Our team is made up of professionals with diverse skills and competencies, who work collaboratively to achieve Data Feliz's goals and the expectations and dreams of its clients.<\/p><p>We believe that our human resources are the basis for holding our events with the greatest excellence.<\/p><\/div><\/div>\t\t\t\t<\/div>\n\t\t\t\t<\/div>\n\t\t\t\t<section class=\"elementor-section elementor-inner-section elementor-element elementor-element-22b3dcf1 elementor-section-boxed elementor-section-height-default elementor-section-height-default\" data-id=\"22b3dcf1\" data-element_type=\"section\">\n\t\t\t\t\t\t<div class=\"elementor-container elementor-column-gap-default\">\n\t\t\t\t\t<div class=\"elementor-column elementor-col-33 elementor-inner-column elementor-element elementor-element-5fd7b7d5 elementor-invisible\" data-id=\"5fd7b7d5\" data-element_type=\"column\" data-settings=\"{&quot;animation_delay&quot;:&quot;200&quot;,&quot;animation&quot;:&quot;fadeInUp&quot;}\">\n\t\t\t<div class=\"elementor-widget-wrap\">\n\t\t\t\t\t\t\t<\/div>\n\t\t<\/div>\n\t\t\t\t<div class=\"elementor-column elementor-col-33 elementor-inner-column elementor-element elementor-element-17d812ab elementor-invisible\" data-id=\"17d812ab\" data-element_type=\"column\" data-settings=\"{&quot;animation_delay&quot;:&quot;100&quot;,&quot;animation&quot;:&quot;fadeInLeft&quot;}\">\n\t\t\t<div class=\"elementor-widget-wrap elementor-element-populated\">\n\t\t\t\t\t\t<div class=\"elementor-element elementor-element-52759c1f elementor-widget elementor-widget-jkit_team\" data-id=\"52759c1f\" data-element_type=\"widget\" data-widget_type=\"jkit_team.default\">\n\t\t\t\t<div class=\"elementor-widget-container\">\n\t\t\t\t\t<div  class=\"jeg-elementor-kit jkit-team style-overlay overlay-bottom jeg_module__1_69e1f4219f30f\" ><div class=\"profile-card\"><img fetchpriority=\"high\" decoding=\"async\" width=\"682\" height=\"1024\" src=\"https:\/\/www.datafeliz.com\/wp-content\/uploads\/2025\/03\/equipa-esther-682x1024.jpg\" class=\"attachment-large size-large\" alt=\"Esther Amaral\" url=\"https:\/\/www.datafeliz.com\/wp-content\/uploads\/2025\/03\/equipa-esther.jpg\" source=\"library\" srcset=\"https:\/\/www.datafeliz.com\/wp-content\/uploads\/2025\/03\/equipa-esther-682x1024.jpg 682w, https:\/\/www.datafeliz.com\/wp-content\/uploads\/2025\/03\/equipa-esther-200x300.jpg 200w, https:\/\/www.datafeliz.com\/wp-content\/uploads\/2025\/03\/equipa-esther-768x1153.jpg 768w, https:\/\/www.datafeliz.com\/wp-content\/uploads\/2025\/03\/equipa-esther-1023x1536.jpg 1023w, https:\/\/www.datafeliz.com\/wp-content\/uploads\/2025\/03\/equipa-esther.jpg 1066w\" sizes=\"(max-width: 682px) 100vw, 682px\" \/>\n                <div class=\"hover-area alignment-center\"><div class=\"profile-body\">\n                <h2 class=\"profile-title\">Esther Amaral<\/h2>\n                <p class=\"profile-designation\"><\/p>\n                <p class=\"profile-content\">CEO | Decorator | Florist | Wedding Planner<\/p>\n                <ul class=\"social-list\"><\/ul>\n            <\/div><\/div>\n            <\/div><\/div>\t\t\t\t<\/div>\n\t\t\t\t<\/div>\n\t\t\t\t\t<\/div>\n\t\t<\/div>\n\t\t\t\t<div class=\"elementor-column elementor-col-33 elementor-inner-column elementor-element elementor-element-2f569fc elementor-invisible\" data-id=\"2f569fc\" data-element_type=\"column\" data-settings=\"{&quot;animation_delay&quot;:100,&quot;animation&quot;:&quot;fadeInRight&quot;}\">\n\t\t\t<div class=\"elementor-widget-wrap\">\n\t\t\t\t\t\t\t<\/div>\n\t\t<\/div>\n\t\t\t\t\t<\/div>\n\t\t<\/section>\n\t\t\t\t<section class=\"elementor-section elementor-inner-section elementor-element elementor-element-e6e0e4e elementor-section-boxed elementor-section-height-default elementor-section-height-default\" data-id=\"e6e0e4e\" data-element_type=\"section\">\n\t\t\t\t\t\t<div class=\"elementor-container elementor-column-gap-default\">\n\t\t\t\t\t<div class=\"elementor-column elementor-col-33 elementor-inner-column elementor-element elementor-element-17a70af elementor-invisible\" data-id=\"17a70af\" data-element_type=\"column\" data-settings=\"{&quot;animation_delay&quot;:&quot;100&quot;,&quot;animation&quot;:&quot;fadeInLeft&quot;}\">\n\t\t\t<div class=\"elementor-widget-wrap elementor-element-populated\">\n\t\t\t\t\t\t<div class=\"elementor-element elementor-element-f485d80 elementor-widget elementor-widget-jkit_team\" data-id=\"f485d80\" data-element_type=\"widget\" data-widget_type=\"jkit_team.default\">\n\t\t\t\t<div class=\"elementor-widget-container\">\n\t\t\t\t\t<div  class=\"jeg-elementor-kit jkit-team style-overlay overlay-bottom jeg_module__2_69e1f421a15f9\" ><div class=\"profile-card\"><img decoding=\"async\" width=\"800\" height=\"600\" src=\"https:\/\/www.datafeliz.com\/wp-content\/uploads\/2025\/03\/equipa-mariana-1024x768.jpg\" class=\"attachment-large size-large\" alt=\"Mariana Arruda\" url=\"https:\/\/www.datafeliz.com\/wp-content\/uploads\/2025\/03\/equipa-mariana.jpg\" source=\"library\" srcset=\"https:\/\/www.datafeliz.com\/wp-content\/uploads\/2025\/03\/equipa-mariana-1024x768.jpg 1024w, https:\/\/www.datafeliz.com\/wp-content\/uploads\/2025\/03\/equipa-mariana-300x225.jpg 300w, https:\/\/www.datafeliz.com\/wp-content\/uploads\/2025\/03\/equipa-mariana-768x576.jpg 768w, https:\/\/www.datafeliz.com\/wp-content\/uploads\/2025\/03\/equipa-mariana.jpg 1428w\" sizes=\"(max-width: 800px) 100vw, 800px\" \/>\n                <div class=\"hover-area alignment-center\"><div class=\"profile-body\">\n                <h2 class=\"profile-title\">Mariana Arruda<\/h2>\n                <p class=\"profile-designation\"><\/p>\n                <p class=\"profile-content\">Sales Promoter | Back Office | Wedding Planner Assistant<\/p>\n                <ul class=\"social-list\"><\/ul>\n            <\/div><\/div>\n            <\/div><\/div>\t\t\t\t<\/div>\n\t\t\t\t<\/div>\n\t\t\t\t\t<\/div>\n\t\t<\/div>\n\t\t\t\t<div class=\"elementor-column elementor-col-33 elementor-inner-column elementor-element elementor-element-0f7641d elementor-invisible\" data-id=\"0f7641d\" data-element_type=\"column\" data-settings=\"{&quot;animation_delay&quot;:&quot;200&quot;,&quot;animation&quot;:&quot;fadeInUp&quot;}\">\n\t\t\t<div class=\"elementor-widget-wrap elementor-element-populated\">\n\t\t\t\t\t\t<div class=\"elementor-element elementor-element-cd170a6 elementor-widget elementor-widget-jkit_team\" data-id=\"cd170a6\" data-element_type=\"widget\" data-widget_type=\"jkit_team.default\">\n\t\t\t\t<div class=\"elementor-widget-container\">\n\t\t\t\t\t<div  class=\"jeg-elementor-kit jkit-team style-overlay overlay-bottom jeg_module__3_69e1f421a2de1\" ><div class=\"profile-card\"><img decoding=\"async\" width=\"800\" height=\"600\" src=\"https:\/\/www.datafeliz.com\/wp-content\/uploads\/2025\/03\/equipa-milene-1024x768.jpg\" class=\"attachment-large size-large\" alt=\"Milene Melo\" url=\"https:\/\/www.datafeliz.com\/wp-content\/uploads\/2025\/03\/equipa-milene.jpg\" source=\"library\" srcset=\"https:\/\/www.datafeliz.com\/wp-content\/uploads\/2025\/03\/equipa-milene-1024x768.jpg 1024w, https:\/\/www.datafeliz.com\/wp-content\/uploads\/2025\/03\/equipa-milene-300x225.jpg 300w, https:\/\/www.datafeliz.com\/wp-content\/uploads\/2025\/03\/equipa-milene-768x576.jpg 768w, https:\/\/www.datafeliz.com\/wp-content\/uploads\/2025\/03\/equipa-milene.jpg 1428w\" sizes=\"(max-width: 800px) 100vw, 800px\" \/>\n                <div class=\"hover-area alignment-center\"><div class=\"profile-body\">\n                <h2 class=\"profile-title\">Milene Melo<\/h2>\n                <p class=\"profile-designation\"><\/p>\n                <p class=\"profile-content\">Assistant in decoration and floral art | Monitor and Children's Entertainer<\/p>\n                <ul class=\"social-list\"><\/ul>\n            <\/div><\/div>\n            <\/div><\/div>\t\t\t\t<\/div>\n\t\t\t\t<\/div>\n\t\t\t\t\t<\/div>\n\t\t<\/div>\n\t\t\t\t<div class=\"elementor-column elementor-col-33 elementor-inner-column elementor-element elementor-element-8b31aa9 elementor-invisible\" data-id=\"8b31aa9\" data-element_type=\"column\" data-settings=\"{&quot;animation_delay&quot;:100,&quot;animation&quot;:&quot;fadeInRight&quot;}\">\n\t\t\t<div class=\"elementor-widget-wrap elementor-element-populated\">\n\t\t\t\t\t\t<div class=\"elementor-element elementor-element-e4b96b4 elementor-widget elementor-widget-jkit_team\" data-id=\"e4b96b4\" data-element_type=\"widget\" data-widget_type=\"jkit_team.default\">\n\t\t\t\t<div class=\"elementor-widget-container\">\n\t\t\t\t\t<div  class=\"jeg-elementor-kit jkit-team style-overlay overlay-bottom jeg_module__4_69e1f421a47c5\" ><div class=\"profile-card\"><img loading=\"lazy\" decoding=\"async\" width=\"800\" height=\"602\" src=\"https:\/\/www.datafeliz.com\/wp-content\/uploads\/2025\/03\/equipa-joana-1024x771.jpg\" class=\"attachment-large size-large\" alt=\"Joana Borges\" url=\"https:\/\/www.datafeliz.com\/wp-content\/uploads\/2025\/03\/equipa-joana.jpg\" source=\"library\" srcset=\"https:\/\/www.datafeliz.com\/wp-content\/uploads\/2025\/03\/equipa-joana-1024x771.jpg 1024w, https:\/\/www.datafeliz.com\/wp-content\/uploads\/2025\/03\/equipa-joana-300x226.jpg 300w, https:\/\/www.datafeliz.com\/wp-content\/uploads\/2025\/03\/equipa-joana-768x578.jpg 768w, https:\/\/www.datafeliz.com\/wp-content\/uploads\/2025\/03\/equipa-joana.jpg 1400w\" sizes=\"(max-width: 800px) 100vw, 800px\" \/>\n                <div class=\"hover-area alignment-center\"><div class=\"profile-body\">\n                <h2 class=\"profile-title\">Joana Borges<\/h2>\n                <p class=\"profile-designation\"><\/p>\n                <p class=\"profile-content\">Assistant in decoration and floral art | Monitor and Children's Entertainer<\/p>\n                <ul class=\"social-list\"><\/ul>\n            <\/div><\/div>\n            <\/div><\/div>\t\t\t\t<\/div>\n\t\t\t\t<\/div>\n\t\t\t\t\t<\/div>\n\t\t<\/div>\n\t\t\t\t\t<\/div>\n\t\t<\/section>\n\t\t\t\t<section class=\"elementor-section elementor-inner-section elementor-element elementor-element-1d5f2afe elementor-section-boxed elementor-section-height-default elementor-section-height-default\" data-id=\"1d5f2afe\" data-element_type=\"section\">\n\t\t\t\t\t\t<div class=\"elementor-container elementor-column-gap-default\">\n\t\t\t\t\t<div class=\"elementor-column elementor-col-33 elementor-inner-column elementor-element elementor-element-3db345da elementor-invisible\" data-id=\"3db345da\" data-element_type=\"column\" data-settings=\"{&quot;animation_delay&quot;:&quot;100&quot;,&quot;animation&quot;:&quot;fadeInLeft&quot;}\">\n\t\t\t<div class=\"elementor-widget-wrap elementor-element-populated\">\n\t\t\t\t\t\t<div class=\"elementor-element elementor-element-492b72b4 elementor-widget elementor-widget-jkit_team\" data-id=\"492b72b4\" data-element_type=\"widget\" data-widget_type=\"jkit_team.default\">\n\t\t\t\t<div class=\"elementor-widget-container\">\n\t\t\t\t\t<div  class=\"jeg-elementor-kit jkit-team style-overlay overlay-bottom jeg_module__5_69e1f421a80d6\" ><div class=\"profile-card\"><img loading=\"lazy\" decoding=\"async\" width=\"800\" height=\"600\" src=\"https:\/\/www.datafeliz.com\/wp-content\/uploads\/2025\/03\/equipa-ana-rita-1024x768.jpg\" class=\"attachment-large size-large\" alt=\"Rita Raposo\" url=\"https:\/\/www.datafeliz.com\/wp-content\/uploads\/2025\/03\/equipa-ana-rita.jpg\" source=\"library\" srcset=\"https:\/\/www.datafeliz.com\/wp-content\/uploads\/2025\/03\/equipa-ana-rita-1024x768.jpg 1024w, https:\/\/www.datafeliz.com\/wp-content\/uploads\/2025\/03\/equipa-ana-rita-300x225.jpg 300w, https:\/\/www.datafeliz.com\/wp-content\/uploads\/2025\/03\/equipa-ana-rita-768x576.jpg 768w, https:\/\/www.datafeliz.com\/wp-content\/uploads\/2025\/03\/equipa-ana-rita.jpg 1428w\" sizes=\"(max-width: 800px) 100vw, 800px\" \/>\n                <div class=\"hover-area alignment-center\"><div class=\"profile-body\">\n                <h2 class=\"profile-title\">Rita Raposo<\/h2>\n                <p class=\"profile-designation\"><\/p>\n                <p class=\"profile-content\">Assistant in decoration and floral art | Monitor and Children's Entertainer<\/p>\n                <ul class=\"social-list\"><\/ul>\n            <\/div><\/div>\n            <\/div><\/div>\t\t\t\t<\/div>\n\t\t\t\t<\/div>\n\t\t\t\t\t<\/div>\n\t\t<\/div>\n\t\t\t\t<div class=\"elementor-column elementor-col-33 elementor-inner-column elementor-element elementor-element-d4c819a elementor-invisible\" data-id=\"d4c819a\" data-element_type=\"column\" data-settings=\"{&quot;animation_delay&quot;:&quot;200&quot;,&quot;animation&quot;:&quot;fadeInUp&quot;}\">\n\t\t\t<div class=\"elementor-widget-wrap elementor-element-populated\">\n\t\t\t\t\t\t<div class=\"elementor-element elementor-element-70d5571d elementor-widget elementor-widget-jkit_team\" data-id=\"70d5571d\" data-element_type=\"widget\" data-widget_type=\"jkit_team.default\">\n\t\t\t\t<div class=\"elementor-widget-container\">\n\t\t\t\t\t<div  class=\"jeg-elementor-kit jkit-team style-overlay overlay-bottom jeg_module__6_69e1f421a990d\" ><div class=\"profile-card\"><img loading=\"lazy\" decoding=\"async\" width=\"800\" height=\"600\" src=\"https:\/\/www.datafeliz.com\/wp-content\/uploads\/2025\/03\/equipa-filipa-1024x768.jpg\" class=\"attachment-large size-large\" alt=\"Filipa Tavares\" url=\"https:\/\/www.datafeliz.com\/wp-content\/uploads\/2025\/03\/equipa-filipa.jpg\" source=\"library\" srcset=\"https:\/\/www.datafeliz.com\/wp-content\/uploads\/2025\/03\/equipa-filipa-1024x768.jpg 1024w, https:\/\/www.datafeliz.com\/wp-content\/uploads\/2025\/03\/equipa-filipa-300x225.jpg 300w, https:\/\/www.datafeliz.com\/wp-content\/uploads\/2025\/03\/equipa-filipa-768x576.jpg 768w, https:\/\/www.datafeliz.com\/wp-content\/uploads\/2025\/03\/equipa-filipa.jpg 1428w\" sizes=\"(max-width: 800px) 100vw, 800px\" \/>\n                <div class=\"hover-area alignment-center\"><div class=\"profile-body\">\n                <h2 class=\"profile-title\">Filipa Tavares<\/h2>\n                <p class=\"profile-designation\"><\/p>\n                <p class=\"profile-content\">Assistant in decoration and floral art | Monitor and Children's Entertainer<\/p>\n                <ul class=\"social-list\"><\/ul>\n            <\/div><\/div>\n            <\/div><\/div>\t\t\t\t<\/div>\n\t\t\t\t<\/div>\n\t\t\t\t\t<\/div>\n\t\t<\/div>\n\t\t\t\t<div class=\"elementor-column elementor-col-33 elementor-inner-column elementor-element elementor-element-7cf14d23 elementor-invisible\" data-id=\"7cf14d23\" data-element_type=\"column\" data-settings=\"{&quot;animation_delay&quot;:100,&quot;animation&quot;:&quot;fadeInRight&quot;}\">\n\t\t\t<div class=\"elementor-widget-wrap elementor-element-populated\">\n\t\t\t\t\t\t<div class=\"elementor-element elementor-element-8ae2727 elementor-widget elementor-widget-jkit_team\" data-id=\"8ae2727\" data-element_type=\"widget\" data-widget_type=\"jkit_team.default\">\n\t\t\t\t<div class=\"elementor-widget-container\">\n\t\t\t\t\t<div  class=\"jeg-elementor-kit jkit-team style-overlay overlay-bottom jeg_module__7_69e1f421aae7b\" ><div class=\"profile-card\"><img loading=\"lazy\" decoding=\"async\" width=\"800\" height=\"600\" src=\"https:\/\/www.datafeliz.com\/wp-content\/uploads\/2025\/03\/equipa-ines-1024x768.jpg\" class=\"attachment-large size-large\" alt=\"In\u00eas Rego\" url=\"https:\/\/www.datafeliz.com\/wp-content\/uploads\/2025\/03\/equipa-ines.jpg\" source=\"library\" srcset=\"https:\/\/www.datafeliz.com\/wp-content\/uploads\/2025\/03\/equipa-ines-1024x768.jpg 1024w, https:\/\/www.datafeliz.com\/wp-content\/uploads\/2025\/03\/equipa-ines-300x225.jpg 300w, https:\/\/www.datafeliz.com\/wp-content\/uploads\/2025\/03\/equipa-ines-768x576.jpg 768w, https:\/\/www.datafeliz.com\/wp-content\/uploads\/2025\/03\/equipa-ines.jpg 1428w\" sizes=\"(max-width: 800px) 100vw, 800px\" \/>\n                <div class=\"hover-area alignment-center\"><div class=\"profile-body\">\n                <h2 class=\"profile-title\">In\u00eas Rego<\/h2>\n                <p class=\"profile-designation\"><\/p>\n                <p class=\"profile-content\">Assistant in decoration and floral art | Monitor and Children's Entertainer<\/p>\n                <ul class=\"social-list\"><\/ul>\n            <\/div><\/div>\n            <\/div><\/div>\t\t\t\t<\/div>\n\t\t\t\t<\/div>\n\t\t\t\t\t<\/div>\n\t\t<\/div>\n\t\t\t\t\t<\/div>\n\t\t<\/section>\n\t\t\t\t\t<\/div>\n\t\t<\/div>\n\t\t\t\t\t<\/div>\n\t\t<\/section>\n\t\t\t\t<\/div>","protected":false},"excerpt":{"rendered":"<p>A Equipa Conhe\u00e7a a Nossa Equipa A nossa equipa \u00e9 composta por profissionais com habilidades e compet\u00eancias diversas, que trabalham de forma colaborativa para alcan\u00e7ar os objetivos da Data Feliz e as expectativas e sonhos dos seus clientes. Acreditamos que os nossos recursos humanos s\u00e3o a base para a realiza\u00e7\u00e3o dos nossos eventos com a [&hellip;]<\/p>","protected":false},"author":1,"featured_media":1362,"parent":0,"menu_order":0,"comment_status":"closed","ping_status":"closed","template":"elementor_header_footer","meta":{"footnotes":""},"class_list":["post-1331","page","type-page","status-publish","has-post-thumbnail","hentry"],"_links":{"self":[{"href":"https:\/\/www.datafeliz.com\/en\/wp-json\/wp\/v2\/pages\/1331","targetHints":{"allow":["GET"]}}],"collection":[{"href":"https:\/\/www.datafeliz.com\/en\/wp-json\/wp\/v2\/pages"}],"about":[{"href":"https:\/\/www.datafeliz.com\/en\/wp-json\/wp\/v2\/types\/page"}],"author":[{"embeddable":true,"href":"https:\/\/www.datafeliz.com\/en\/wp-json\/wp\/v2\/users\/1"}],"replies":[{"embeddable":true,"href":"https:\/\/www.datafeliz.com\/en\/wp-json\/wp\/v2\/comments?post=1331"}],"version-history":[{"count":0,"href":"https:\/\/www.datafeliz.com\/en\/wp-json\/wp\/v2\/pages\/1331\/revisions"}],"wp:featuredmedia":[{"embeddable":true,"href":"https:\/\/www.datafeliz.com\/en\/wp-json\/wp\/v2\/media\/1362"}],"wp:attachment":[{"href":"https:\/\/www.datafeliz.com\/en\/wp-json\/wp\/v2\/media?parent=1331"}],"curies":[{"name":"wp","href":"https:\/\/api.w.org\/{rel}","templated":true}]}}